{"id":1116,"date":"2024-04-18T07:18:25","date_gmt":"2024-04-18T05:18:25","guid":{"rendered":"https:\/\/plan.batcamer.com\/?post_type=product&#038;p=1116"},"modified":"2024-04-18T07:27:27","modified_gmt":"2024-04-18T05:27:27","slug":"lbc-du-037-04-chambres","status":"publish","type":"product","link":"https:\/\/plan.batcamer.com\/index.php\/product\/lbc-du-037-04-chambres\/","title":{"rendered":"LBC-DU-037 (04 Chambres)"},"content":{"rendered":"<h4><strong>Vous pouvez t\u00e9l\u00e9charger pour avoir le dossier de plans complet avec le devis d\u00e9taill\u00e9<\/strong><\/h4>\n<p>Le dossier contient les \u00e9l\u00e9ments suivants:<\/p>\n<p>-Plan d&#8217;implantation du b\u00e2timent<br data-moz-translations-id=\"0\" \/>-Plan des fondations <br data-moz-translations-id=\"1\" \/>-Plans de distribution des pi\u00e8ces du b\u00e2timent<br data-moz-translations-id=\"2\" \/>-Plan d&#8217;am\u00e9nagement <br data-moz-translations-id=\"3\" \/>-Plan de toiture <br data-moz-translations-id=\"4\" \/>-Plans des fa\u00e7ades et les coupes <br data-moz-translations-id=\"4\" \/>-Devis d\u00e9taill\u00e9<\/p>\n<p><em><strong>Les fichiers pour ces plans sont en PDF. Imprimez-les quand vous voulez, autant de fois que vous voulez. <\/strong><\/em><br data-moz-translations-id=\"0\" \/><em><strong>Planifiez des impressions sur papier A4 ou A3<\/strong><\/em><\/p>\n","protected":false},"excerpt":{"rendered":"<p><strong>Plan de maison 15.25m\u00d713.65m<\/strong><\/p>\n<p><em><strong>Rez-de-chauss\u00e9e<\/strong><\/em><br \/>\n&#8211; 01 S\u00e9jour avec V\u00e9randa<br \/>\n&#8211; 01 Salle \u00e0 manger<br \/>\n&#8211; 01 Cuisine avec Magasin et\u00a0 V\u00e9randa<br \/>\n&#8211; 01 Buanderie<br \/>\n&#8211; 01 Toilette commune<br \/>\n&#8211; 01 Chambre avec Toilette interne<br \/>\n&#8211; 01 Chambre simple<br \/>\n\u2013 Parking pour 01 v\u00e9hicule<\/p>\n<p><em><strong>\u00c9tage<\/strong><\/em><\/p>\n<p>&#8211; 01 S\u00e9jour familial avec un grand balcon<br \/>\n&#8211; 01 Chambre principale avec Dressing ,Toilette et Balcon<br \/>\n&#8211; 01\u00a0 Chambre avec toilette interne<\/p>\n<h4>Co\u00fbt total= 55.500.000 FCFA<\/h4>\n","protected":false},"featured_media":1117,"template":"","meta":[],"product_cat":[23],"product_tag":[],"_links":{"self":[{"href":"https:\/\/plan.batcamer.com\/index.php\/wp-json\/wp\/v2\/product\/1116"}],"collection":[{"href":"https:\/\/plan.batcamer.com\/index.php\/wp-json\/wp\/v2\/product"}],"about":[{"href":"https:\/\/plan.batcamer.com\/index.php\/wp-json\/wp\/v2\/types\/product"}],"wp:featuredmedia":[{"embeddable":true,"href":"https:\/\/plan.batcamer.com\/index.php\/wp-json\/wp\/v2\/media\/1117"}],"wp:attachment":[{"href":"https:\/\/plan.batcamer.com\/index.php\/wp-json\/wp\/v2\/media?parent=1116"}],"wp:term":[{"taxonomy":"product_cat","embeddable":true,"href":"https:\/\/plan.batcamer.com\/index.php\/wp-json\/wp\/v2\/product_cat?post=1116"},{"taxonomy":"product_tag","embeddable":true,"href":"https:\/\/plan.batcamer.com\/index.php\/wp-json\/wp\/v2\/product_tag?post=1116"}],"curies":[{"name":"wp","href":"https:\/\/api.w.org\/{rel}","templated":true}]}}