{"id":1696,"date":"2025-06-11T09:14:16","date_gmt":"2025-06-11T07:14:16","guid":{"rendered":"https:\/\/plan.batcamer.com\/?post_type=product&#038;p=1696"},"modified":"2025-06-11T10:40:15","modified_gmt":"2025-06-11T08:40:15","slug":"lbc-im-013-12-appartements","status":"publish","type":"product","link":"https:\/\/plan.batcamer.com\/index.php\/product\/lbc-im-013-12-appartements\/","title":{"rendered":"LBC-IM-013 (12 Appartements)"},"content":{"rendered":"<h4><strong><span style=\"vertical-align: inherit;\"><span style=\"vertical-align: inherit;\">Vous pouvez t\u00e9l\u00e9charger pour avoir le dossier de plans complet avec le devis d\u00e9taill\u00e9<\/span><\/span><\/strong><\/h4>\n<p><span style=\"vertical-align: inherit;\"><span style=\"vertical-align: inherit;\">Le dossier contient les \u00e9l\u00e9ments suivants :<\/span><\/span><\/p>\n<p><span style=\"vertical-align: inherit;\"><span style=\"vertical-align: inherit;\">-Plan d&#8217;implantation du b\u00e2timent <\/span><\/span><br data-moz-translations-id=\"0\" \/><span style=\"vertical-align: inherit;\"><span style=\"vertical-align: inherit;\">-Plan des fondations <\/span><\/span><br data-moz-translations-id=\"1\" \/><span style=\"vertical-align: inherit;\"><span style=\"vertical-align: inherit;\">-Plans de distribution des pi\u00e8ces du b\u00e2timent <\/span><\/span><br data-moz-translations-id=\"2\" \/><span style=\"vertical-align: inherit;\"><span style=\"vertical-align: inherit;\">-Plan d&#8217;am\u00e9nagement <\/span><\/span><br data-moz-translations-id=\"3\" \/><span style=\"vertical-align: inherit;\"><span style=\"vertical-align: inherit;\">-Plan de toiture <\/span><\/span><br data-moz-translations-id=\"4\" \/><span style=\"vertical-align: inherit;\"><span style=\"vertical-align: inherit;\">-Plans des fa\u00e7ades et les coupes <\/span><\/span><br data-moz-translations-id=\"4\" \/><span style=\"vertical-align: inherit;\"><span style=\"vertical-align: inherit;\">-Devis d\u00e9taill\u00e9<\/span><\/span><\/p>\n<p><em><strong><span style=\"vertical-align: inherit;\"><span style=\"vertical-align: inherit;\">Les fichiers pour ces plans sont en PDF. Imprimez-les quand vous voulez, autant de fois que vous voulez. <\/span><\/span><\/strong><\/em><br data-moz-translations-id=\"0\" \/><em><strong><span style=\"vertical-align: inherit;\"><span style=\"vertical-align: inherit;\">Planifiez les impressions sur papier A4 ou A3<\/span><\/span><\/strong><\/em><\/p>\n","protected":false},"excerpt":{"rendered":"<p><strong><span style=\"vertical-align: inherit;\"><span style=\"vertical-align: inherit;\">Plan de l&#8217;immeuble 17.00m\u00d737.00m<\/span><\/span><br \/>\n<\/strong><\/p>\n<p><em><strong><span style=\"vertical-align: inherit;\"><span style=\"vertical-align: inherit;\">Rez-de-chauss\u00e9e<\/span><\/span><\/strong><\/em><br \/>\n\u27a1\ufe0f<span style=\"vertical-align: inherit;\"><span style=\"vertical-align: inherit;\"> 01 Appartement<\/span><\/span><br \/>\n\u27a1\ufe0f<span style=\"vertical-align: inherit;\"><span style=\"vertical-align: inherit;\">01 Parking<\/span><\/span><br \/>\n\u27a1\ufe0f<span style=\"vertical-align: inherit;\"><span style=\"vertical-align: inherit;\">03 Locaux techniques<\/span><\/span><\/p>\n<p><em><strong><span style=\"vertical-align: inherit;\"><span style=\"vertical-align: inherit;\">Etages 1, 2 , 3 <\/span><\/span><span style=\"vertical-align: inherit;\"><span style=\"vertical-align: inherit;\">, 4 <\/span><\/span><span style=\"vertical-align: inherit;\"><span style=\"vertical-align: inherit;\">et 5<\/span><\/span><\/strong><\/em><br \/>\n\u27a1\ufe0f<span style=\"vertical-align: inherit;\"><span style=\"vertical-align: inherit;\"> 02 Appartements de 02 chambres par niveau<\/span><\/span><\/p>\n<p><em><strong><span style=\"vertical-align: inherit;\"><span style=\"vertical-align: inherit;\">\u00c9tages 6 et 7<\/span><\/span><\/strong><\/em><br \/>\n\u27a1\ufe0f<span style=\"vertical-align: inherit;\"><span style=\"vertical-align: inherit;\"> 01 Penthouse<\/span><\/span><\/p>\n<h4><span style=\"vertical-align: inherit;\"><span style=\"vertical-align: inherit;\">Co\u00fbt total = 580.400.000 FCFA<\/span><\/span><\/h4>\n","protected":false},"featured_media":1702,"template":"","meta":[],"product_cat":[60],"product_tag":[],"_links":{"self":[{"href":"https:\/\/plan.batcamer.com\/index.php\/wp-json\/wp\/v2\/product\/1696"}],"collection":[{"href":"https:\/\/plan.batcamer.com\/index.php\/wp-json\/wp\/v2\/product"}],"about":[{"href":"https:\/\/plan.batcamer.com\/index.php\/wp-json\/wp\/v2\/types\/product"}],"wp:featuredmedia":[{"embeddable":true,"href":"https:\/\/plan.batcamer.com\/index.php\/wp-json\/wp\/v2\/media\/1702"}],"wp:attachment":[{"href":"https:\/\/plan.batcamer.com\/index.php\/wp-json\/wp\/v2\/media?parent=1696"}],"wp:term":[{"taxonomy":"product_cat","embeddable":true,"href":"https:\/\/plan.batcamer.com\/index.php\/wp-json\/wp\/v2\/product_cat?post=1696"},{"taxonomy":"product_tag","embeddable":true,"href":"https:\/\/plan.batcamer.com\/index.php\/wp-json\/wp\/v2\/product_tag?post=1696"}],"curies":[{"name":"wp","href":"https:\/\/api.w.org\/{rel}","templated":true}]}}